{"id":1681,"date":"2024-06-19T11:57:41","date_gmt":"2024-06-19T11:57:41","guid":{"rendered":"https:\/\/www.robke-group.com\/guell-press-service\/"},"modified":"2025-12-05T09:03:12","modified_gmt":"2025-12-05T09:03:12","slug":"guell-press-service","status":"publish","type":"page","link":"https:\/\/www.robke-group.com\/en\/guell-press-service\/","title":{"rendered":"G\u00dcLL Press Service"},"content":{"rendered":"\t\t<div data-elementor-type=\"wp-page\" data-elementor-id=\"1681\" class=\"elementor elementor-1681 elementor-266\" data-elementor-post-type=\"page\">\n\t\t\t\t<div class=\"elementor-element elementor-element-3186ae4 e-con-full e-flex e-con e-parent\" data-id=\"3186ae4\" data-element_type=\"container\" data-e-type=\"container\" data-settings=\"{&quot;background_background&quot;:&quot;classic&quot;}\">\n\t\t\t\t<div class=\"elementor-element elementor-element-eaa6064 elementor--v-position-top elementor--h-position-center elementor-arrows-position-inside elementor-pagination-position-inside elementor-widget elementor-widget-slides\" data-id=\"eaa6064\" data-element_type=\"widget\" data-e-type=\"widget\" data-settings=\"{&quot;navigation&quot;:&quot;both&quot;,&quot;autoplay&quot;:&quot;yes&quot;,&quot;pause_on_hover&quot;:&quot;yes&quot;,&quot;pause_on_interaction&quot;:&quot;yes&quot;,&quot;autoplay_speed&quot;:5000,&quot;infinite&quot;:&quot;yes&quot;,&quot;transition&quot;:&quot;slide&quot;,&quot;transition_speed&quot;:500}\" data-widget_type=\"slides.default\">\n\t\t\t\t<div class=\"elementor-widget-container\">\n\t\t\t\t\t\t\t\t\t<div class=\"elementor-swiper\">\n\t\t\t\t\t<div class=\"elementor-slides-wrapper elementor-main-swiper swiper\" role=\"region\" aria-roledescription=\"carousel\" aria-label=\"Slides\" dir=\"ltr\" data-animation=\"fadeInUp\">\n\t\t\t\t<div class=\"swiper-wrapper elementor-slides\">\n\t\t\t\t\t\t\t\t\t\t<div class=\"elementor-repeater-item-736a371 swiper-slide\" role=\"group\" aria-roledescription=\"slide\"><div class=\"swiper-slide-bg\" role=\"img\" aria-label=\"Individual packaging solutions with wrapping and inserts - G\u00dcLL Presseservice optimizes your dispatch.\"><\/div><div class=\"elementor-background-overlay\"><\/div><div class=\"swiper-slide-inner\" ><div class=\"swiper-slide-contents\"><\/div><\/div><\/div>\t\t\t\t<\/div>\n\t\t\t\t\t\t\t<\/div>\n\t\t\t\t<\/div>\n\t\t\t\t\t\t\t\t<\/div>\n\t\t\t\t<\/div>\n\t\t\t\t<div class=\"elementor-element elementor-element-47ad5f3 elementor-widget__width-initial elementor-absolute elementor-widget elementor-widget-image\" data-id=\"47ad5f3\" data-element_type=\"widget\" data-e-type=\"widget\" data-settings=\"{&quot;_position&quot;:&quot;absolute&quot;}\" data-widget_type=\"image.default\">\n\t\t\t\t<div class=\"elementor-widget-container\">\n\t\t\t\t\t\t\t\t\t\t\t\t\t\t\t<img fetchpriority=\"high\" decoding=\"async\" width=\"800\" height=\"400\" src=\"https:\/\/www.robke-group.com\/wp-content\/uploads\/2024\/11\/G_ll_Logo_4C_frei.webp\" class=\"attachment-large size-large wp-image-1670\" alt=\"Logo of G\u00dcLL Presseservice - specialist for magazine distribution and dispatch management.\" srcset=\"https:\/\/www.robke-group.com\/wp-content\/uploads\/2024\/11\/G_ll_Logo_4C_frei.webp 1000w, https:\/\/www.robke-group.com\/wp-content\/uploads\/2024\/11\/G_ll_Logo_4C_frei-300x150.webp 300w, https:\/\/www.robke-group.com\/wp-content\/uploads\/2024\/11\/G_ll_Logo_4C_frei-768x384.webp 768w\" sizes=\"(max-width: 800px) 100vw, 800px\" \/>\t\t\t\t\t\t\t\t\t\t\t\t\t\t\t<\/div>\n\t\t\t\t<\/div>\n\t\t\t\t<\/div>\n\t\t<div class=\"elementor-element elementor-element-8bcd945 e-con-full e-flex e-con e-parent\" data-id=\"8bcd945\" data-element_type=\"container\" data-e-type=\"container\" data-settings=\"{&quot;background_background&quot;:&quot;classic&quot;}\">\n\t\t\t\t<div class=\"elementor-element elementor-element-2705c89 elementor-widget elementor-widget-heading\" data-id=\"2705c89\" data-element_type=\"widget\" data-e-type=\"widget\" data-widget_type=\"heading.default\">\n\t\t\t\t<div class=\"elementor-widget-container\">\n\t\t\t\t\t<h1 class=\"elementor-heading-title elementor-size-default\">G\u00dcLL Press Service  <\/h1>\t\t\t\t<\/div>\n\t\t\t\t<\/div>\n\t\t\t\t<div class=\"elementor-element elementor-element-201a691 elementor-widget elementor-widget-heading\" data-id=\"201a691\" data-element_type=\"widget\" data-e-type=\"widget\" data-widget_type=\"heading.default\">\n\t\t\t\t<div class=\"elementor-widget-container\">\n\t\t\t\t\t<h2 class=\"elementor-heading-title elementor-size-default\">Every industry has a leader.  <br>In the press service it is called G\u00dcLL<\/h2>\t\t\t\t<\/div>\n\t\t\t\t<\/div>\n\t\t\t\t<div class=\"elementor-element elementor-element-43780a2 elementor-widget elementor-widget-text-editor\" data-id=\"43780a2\" data-element_type=\"widget\" data-e-type=\"widget\" data-widget_type=\"text-editor.default\">\n\t\t\t\t<div class=\"elementor-widget-container\">\n\t\t\t\t\t\t\t\t\t<p class=\"p1\"><span class=\"s1\">For over 45 years, G\u00dcLL Presseservice has been offering the full range of services in the areas of press service, subscription management and e-commerce\/mail order, fulfillment lettershop and warehouse logistics.<span class=\"Apple-converted-space\"> <\/span><\/span><\/p><p class=\"p1\"><span class=\"s1\"> <br>Both this concentrated expertise and the ideal geographical location in the border triangle on Lake Constance are absolutely unique advantages that are used by a large number of different customers. Currently around 1.3 million managed subscriptions and more than 1,000 press titles in national and international distribution speak for themselves &#8211; and confirm G\u00dcLL&#8217;s position as one of the leading full-service providers in the industry. <span class=\"Apple-converted-space\"> <\/span><\/span><\/p>\t\t\t\t\t\t\t\t<\/div>\n\t\t\t\t<\/div>\n\t\t\t\t<div class=\"elementor-element elementor-element-7c2fbcf elementor-widget elementor-widget-spacer\" data-id=\"7c2fbcf\" data-element_type=\"widget\" data-e-type=\"widget\" data-widget_type=\"spacer.default\">\n\t\t\t\t<div class=\"elementor-widget-container\">\n\t\t\t\t\t\t\t<div class=\"elementor-spacer\">\n\t\t\t<div class=\"elementor-spacer-inner\"><\/div>\n\t\t<\/div>\n\t\t\t\t\t\t<\/div>\n\t\t\t\t<\/div>\n\t\t<div class=\"elementor-element elementor-element-86e18bb e-con-full e-flex e-con e-child\" data-id=\"86e18bb\" data-element_type=\"container\" data-e-type=\"container\">\n\t\t\t\t<div class=\"elementor-element elementor-element-ba2b148 elementor-cta--layout-image-right elementor-cta--mobile-layout-image-above elementor-widget__width-initial elementor-cta--skin-classic elementor-animated-content elementor-widget elementor-widget-call-to-action\" data-id=\"ba2b148\" data-element_type=\"widget\" data-e-type=\"widget\" data-widget_type=\"call-to-action.default\">\n\t\t\t\t<div class=\"elementor-widget-container\">\n\t\t\t\t\t\t\t<a class=\"elementor-cta\" href=\"#presseservice\">\n\t\t\t\t\t\t\t<div class=\"elementor-cta__content\">\n\t\t\t\t\t\t\t\t\t<div class=\"elementor-content-item elementor-cta__content-item elementor-cta__image\">\n\t\t\t\t\t\t<img decoding=\"async\" width=\"400\" height=\"388\" src=\"https:\/\/www.robke-group.com\/wp-content\/uploads\/2024\/11\/Zeitung_400px.webp\" class=\"attachment-full size-full wp-image-1671\" alt=\"\" srcset=\"https:\/\/www.robke-group.com\/wp-content\/uploads\/2024\/11\/Zeitung_400px.webp 400w, https:\/\/www.robke-group.com\/wp-content\/uploads\/2024\/11\/Zeitung_400px-300x291.webp 300w\" sizes=\"(max-width: 400px) 100vw, 400px\" \/>\t\t\t\t\t<\/div>\n\t\t\t\t\n\t\t\t\t\t\t\t\t\t<h2 class=\"elementor-cta__title elementor-cta__content-item elementor-content-item\">\n\t\t\t\t\t\tPress service\t\t\t\t\t<\/h2>\n\t\t\t\t\n\t\t\t\t\n\t\t\t\t\t\t\t<\/div>\n\t\t\t\t\t\t<\/a>\n\t\t\t\t\t\t<\/div>\n\t\t\t\t<\/div>\n\t\t\t\t<div class=\"elementor-element elementor-element-b39c8a7 elementor-cta--layout-image-left elementor-cta--mobile-layout-image-above elementor-widget__width-initial elementor-cta--skin-classic elementor-animated-content elementor-widget elementor-widget-call-to-action\" data-id=\"b39c8a7\" data-element_type=\"widget\" data-e-type=\"widget\" data-widget_type=\"call-to-action.default\">\n\t\t\t\t<div class=\"elementor-widget-container\">\n\t\t\t\t\t\t\t<a class=\"elementor-cta\" href=\"#adressen\">\n\t\t\t\t\t\t\t<div class=\"elementor-cta__content\">\n\t\t\t\t\t\t\t\t\t<div class=\"elementor-content-item elementor-cta__content-item elementor-cta__image\">\n\t\t\t\t\t\t<img decoding=\"async\" width=\"400\" height=\"388\" src=\"https:\/\/www.robke-group.com\/wp-content\/uploads\/2024\/11\/Block_400px.webp\" class=\"attachment-full size-full wp-image-1672\" alt=\"\" srcset=\"https:\/\/www.robke-group.com\/wp-content\/uploads\/2024\/11\/Block_400px.webp 400w, https:\/\/www.robke-group.com\/wp-content\/uploads\/2024\/11\/Block_400px-300x291.webp 300w\" sizes=\"(max-width: 400px) 100vw, 400px\" \/>\t\t\t\t\t<\/div>\n\t\t\t\t\n\t\t\t\t\t\t\t\t\t<h2 class=\"elementor-cta__title elementor-cta__content-item elementor-content-item\">\n\t\t\t\t\t\tAddress formatting and printing\t\t\t\t\t<\/h2>\n\t\t\t\t\n\t\t\t\t\n\t\t\t\t\t\t\t<\/div>\n\t\t\t\t\t\t<\/a>\n\t\t\t\t\t\t<\/div>\n\t\t\t\t<\/div>\n\t\t\t\t<div class=\"elementor-element elementor-element-327d8ff elementor-cta--layout-image-left elementor-cta--mobile-layout-image-above elementor-widget__width-initial elementor-cta--skin-classic elementor-animated-content elementor-widget elementor-widget-call-to-action\" data-id=\"327d8ff\" data-element_type=\"widget\" data-e-type=\"widget\" data-widget_type=\"call-to-action.default\">\n\t\t\t\t<div class=\"elementor-widget-container\">\n\t\t\t\t\t\t\t<a class=\"elementor-cta\" href=\"#verzollung\">\n\t\t\t\t\t\t\t<div class=\"elementor-cta__content\">\n\t\t\t\t\t\t\t\t\t<div class=\"elementor-content-item elementor-cta__content-item elementor-cta__image\">\n\t\t\t\t\t\t<img loading=\"lazy\" decoding=\"async\" width=\"400\" height=\"388\" src=\"https:\/\/www.robke-group.com\/wp-content\/uploads\/2024\/11\/rechner_400px.webp\" class=\"attachment-full size-full wp-image-1673\" alt=\"\" srcset=\"https:\/\/www.robke-group.com\/wp-content\/uploads\/2024\/11\/rechner_400px.webp 400w, https:\/\/www.robke-group.com\/wp-content\/uploads\/2024\/11\/rechner_400px-300x291.webp 300w\" sizes=\"(max-width: 400px) 100vw, 400px\" \/>\t\t\t\t\t<\/div>\n\t\t\t\t\n\t\t\t\t\t\t\t\t\t<h2 class=\"elementor-cta__title elementor-cta__content-item elementor-content-item\">\n\t\t\t\t\t\tCustoms clearance\t\t\t\t\t<\/h2>\n\t\t\t\t\n\t\t\t\t\n\t\t\t\t\t\t\t<\/div>\n\t\t\t\t\t\t<\/a>\n\t\t\t\t\t\t<\/div>\n\t\t\t\t<\/div>\n\t\t\t\t<div class=\"elementor-element elementor-element-f46756b elementor-cta--layout-image-right elementor-cta--mobile-layout-image-above elementor-widget__width-initial elementor-cta--skin-classic elementor-animated-content elementor-widget elementor-widget-call-to-action\" data-id=\"f46756b\" data-element_type=\"widget\" data-e-type=\"widget\" data-widget_type=\"call-to-action.default\">\n\t\t\t\t<div class=\"elementor-widget-container\">\n\t\t\t\t\t\t\t<a class=\"elementor-cta\" href=\"#transport\">\n\t\t\t\t\t\t\t<div class=\"elementor-cta__content\">\n\t\t\t\t\t\t\t\t\t<div class=\"elementor-content-item elementor-cta__content-item elementor-cta__image\">\n\t\t\t\t\t\t<img loading=\"lazy\" decoding=\"async\" width=\"400\" height=\"388\" src=\"https:\/\/www.robke-group.com\/wp-content\/uploads\/2024\/11\/LKW_400px.webp\" class=\"attachment-full size-full wp-image-1674\" alt=\"\" srcset=\"https:\/\/www.robke-group.com\/wp-content\/uploads\/2024\/11\/LKW_400px.webp 400w, https:\/\/www.robke-group.com\/wp-content\/uploads\/2024\/11\/LKW_400px-300x291.webp 300w\" sizes=\"(max-width: 400px) 100vw, 400px\" \/>\t\t\t\t\t<\/div>\n\t\t\t\t\n\t\t\t\t\t\t\t\t\t<h2 class=\"elementor-cta__title elementor-cta__content-item elementor-content-item\">\n\t\t\t\t\t\tInternational<br> Transportation management\t\t\t\t\t<\/h2>\n\t\t\t\t\n\t\t\t\t\n\t\t\t\t\t\t\t<\/div>\n\t\t\t\t\t\t<\/a>\n\t\t\t\t\t\t<\/div>\n\t\t\t\t<\/div>\n\t\t\t\t<\/div>\n\t\t<div class=\"elementor-element elementor-element-9831eca e-con-full e-flex e-con e-child\" data-id=\"9831eca\" data-element_type=\"container\" data-e-type=\"container\" data-settings=\"{&quot;background_background&quot;:&quot;classic&quot;}\">\n\t\t<div class=\"elementor-element elementor-element-ff79eeb e-con-full e-flex e-con e-child\" data-id=\"ff79eeb\" data-element_type=\"container\" data-e-type=\"container\">\n\t\t<div class=\"elementor-element elementor-element-f5f7612 e-con-full e-flex e-con e-child\" data-id=\"f5f7612\" data-element_type=\"container\" data-e-type=\"container\">\n\t\t\t\t<div class=\"elementor-element elementor-element-ecc8a7c elementor-widget elementor-widget-spacer\" data-id=\"ecc8a7c\" data-element_type=\"widget\" data-e-type=\"widget\" data-widget_type=\"spacer.default\">\n\t\t\t\t<div class=\"elementor-widget-container\">\n\t\t\t\t\t\t\t<div class=\"elementor-spacer\">\n\t\t\t<div class=\"elementor-spacer-inner\"><\/div>\n\t\t<\/div>\n\t\t\t\t\t\t<\/div>\n\t\t\t\t<\/div>\n\t\t\t\t<\/div>\n\t\t\t\t<\/div>\n\t\t\t\t<\/div>\n\t\t<div class=\"elementor-element elementor-element-2070f07 e-con-full e-flex e-con e-child\" data-id=\"2070f07\" data-element_type=\"container\" data-e-type=\"container\">\n\t\t\t\t<div class=\"elementor-element elementor-element-f072827 elementor-cta--layout-image-right elementor-cta--mobile-layout-image-above elementor-widget__width-inherit elementor-cta--skin-classic elementor-animated-content elementor-widget elementor-widget-call-to-action\" data-id=\"f072827\" data-element_type=\"widget\" data-e-type=\"widget\" id=\"presseservice\" data-widget_type=\"call-to-action.default\">\n\t\t\t\t<div class=\"elementor-widget-container\">\n\t\t\t\t\t\t\t<div class=\"elementor-cta\">\n\t\t\t\t\t<div class=\"elementor-cta__bg-wrapper\">\n\t\t\t\t<div class=\"elementor-cta__bg elementor-bg\" style=\"background-image: url(https:\/\/www.robke-group.com\/wp-content\/uploads\/2024\/08\/Robke_Logistik_Fulfillment_47.webp);\" role=\"img\" aria-label=\"Manual and machine packaging - G\u00dcLL Presseservice fulfills individual customer requirements\"><\/div>\n\t\t\t\t<div class=\"elementor-cta__bg-overlay\"><\/div>\n\t\t\t<\/div>\n\t\t\t\t\t\t\t<div class=\"elementor-cta__content\">\n\t\t\t\t\t\t\t\t\t<div class=\"elementor-content-item elementor-cta__content-item elementor-cta__image\">\n\t\t\t\t\t\t<img decoding=\"async\" width=\"400\" height=\"388\" src=\"https:\/\/www.robke-group.com\/wp-content\/uploads\/2024\/11\/Zeitung_400px.webp\" class=\"attachment-full size-full wp-image-1671\" alt=\"\" srcset=\"https:\/\/www.robke-group.com\/wp-content\/uploads\/2024\/11\/Zeitung_400px.webp 400w, https:\/\/www.robke-group.com\/wp-content\/uploads\/2024\/11\/Zeitung_400px-300x291.webp 300w\" sizes=\"(max-width: 400px) 100vw, 400px\" \/>\t\t\t\t\t<\/div>\n\t\t\t\t\n\t\t\t\t\t\t\t\t\t<h2 class=\"elementor-cta__title elementor-cta__content-item elementor-content-item\">\n\t\t\t\t\t\tPress service\t\t\t\t\t<\/h2>\n\t\t\t\t\n\t\t\t\t\t\t\t\t\t<div class=\"elementor-cta__description elementor-cta__content-item elementor-content-item\">\n\t\t\t\t\t\tPut your trust in the reliable shipping management of G\u00dcLL Presseservice for your press shipments: We not only create mailing lists for all types of consignments, but also handle all the necessary customs formalities for consignments to Switzerland.\t\t\t\t\t<\/div>\n\t\t\t\t\n\t\t\t\t\t\t\t<\/div>\n\t\t\t\t\t\t<\/div>\n\t\t\t\t\t\t<\/div>\n\t\t\t\t<\/div>\n\t\t\t\t<div class=\"elementor-element elementor-element-4ad8790 elementor-cta--layout-image-left elementor-cta--mobile-layout-image-above elementor-widget__width-inherit elementor-cta--skin-classic elementor-animated-content elementor-widget elementor-widget-call-to-action\" data-id=\"4ad8790\" data-element_type=\"widget\" data-e-type=\"widget\" id=\"adressen\" data-widget_type=\"call-to-action.default\">\n\t\t\t\t<div class=\"elementor-widget-container\">\n\t\t\t\t\t\t\t<div class=\"elementor-cta\">\n\t\t\t\t\t<div class=\"elementor-cta__bg-wrapper\">\n\t\t\t\t<div class=\"elementor-cta__bg elementor-bg\" style=\"background-image: url(https:\/\/www.robke-group.com\/wp-content\/uploads\/2024\/08\/Robke_Logistik_Fulfillment_0571-768x432.webp);\" role=\"img\" aria-label=\"Robke_Logistics_Fulfillment_0571\"><\/div>\n\t\t\t\t<div class=\"elementor-cta__bg-overlay\"><\/div>\n\t\t\t<\/div>\n\t\t\t\t\t\t\t<div class=\"elementor-cta__content\">\n\t\t\t\t\t\t\t\t\t<div class=\"elementor-content-item elementor-cta__content-item elementor-cta__image\">\n\t\t\t\t\t\t<img decoding=\"async\" width=\"400\" height=\"388\" src=\"https:\/\/www.robke-group.com\/wp-content\/uploads\/2024\/11\/Block_400px.webp\" class=\"attachment-full size-full wp-image-1672\" alt=\"\" srcset=\"https:\/\/www.robke-group.com\/wp-content\/uploads\/2024\/11\/Block_400px.webp 400w, https:\/\/www.robke-group.com\/wp-content\/uploads\/2024\/11\/Block_400px-300x291.webp 300w\" sizes=\"(max-width: 400px) 100vw, 400px\" \/>\t\t\t\t\t<\/div>\n\t\t\t\t\n\t\t\t\t\t\t\t\t\t<h2 class=\"elementor-cta__title elementor-cta__content-item elementor-content-item\">\n\t\t\t\t\t\tAddress formatting and printing\t\t\t\t\t<\/h2>\n\t\t\t\t\n\t\t\t\t\t\t\t\t\t<div class=\"elementor-cta__description elementor-cta__content-item elementor-content-item\">\n\t\t\t\t\t\tG\u00dcLL Presseservice, a subsidiary of the ROBKE Group, is the specialist for customized solutions in international magazine distribution. \nWe advise you individually, register your magazines abroad and select the most cost-effective shipping method for you. \n<br>We prepare your addresses and print them on cover sheets with or without an individual logo or text, using Cheshire or adhesive labels, with data matrix code, etc., depending on customer requirements.\n<br>Our own wrapping lines ensure that we can also meet international requirements for magazines with inserts. <br><br><b><b>- Address preparation and printing for postage optimization, among other things\n<br>- Manual or automatic insert feeding and foiling on request\n<\/b>\n<\/b>\t\t\t\t\t<\/div>\n\t\t\t\t\n\t\t\t\t\t\t\t<\/div>\n\t\t\t\t\t\t<\/div>\n\t\t\t\t\t\t<\/div>\n\t\t\t\t<\/div>\n\t\t\t\t<div class=\"elementor-element elementor-element-66e30c6 elementor-cta--layout-image-right elementor-cta--mobile-layout-image-above elementor-widget__width-inherit elementor-cta--skin-classic elementor-animated-content elementor-widget elementor-widget-call-to-action\" data-id=\"66e30c6\" data-element_type=\"widget\" data-e-type=\"widget\" id=\"verzollung\" data-widget_type=\"call-to-action.default\">\n\t\t\t\t<div class=\"elementor-widget-container\">\n\t\t\t\t\t\t\t<div class=\"elementor-cta\">\n\t\t\t\t\t<div class=\"elementor-cta__bg-wrapper\">\n\t\t\t\t<div class=\"elementor-cta__bg elementor-bg\" style=\"background-image: url(https:\/\/www.robke-group.com\/wp-content\/uploads\/2024\/08\/Robke_Logistik_Fulfillment_558-768x432.webp);\" role=\"img\" aria-label=\"Robke Group offers support with all customs formalities - fast and reliable solutions.\"><\/div>\n\t\t\t\t<div class=\"elementor-cta__bg-overlay\"><\/div>\n\t\t\t<\/div>\n\t\t\t\t\t\t\t<div class=\"elementor-cta__content\">\n\t\t\t\t\t\t\t\t\t<div class=\"elementor-content-item elementor-cta__content-item elementor-cta__image\">\n\t\t\t\t\t\t<img loading=\"lazy\" decoding=\"async\" width=\"400\" height=\"388\" src=\"https:\/\/www.robke-group.com\/wp-content\/uploads\/2024\/11\/rechner_400px.webp\" class=\"attachment-full size-full wp-image-1673\" alt=\"\" srcset=\"https:\/\/www.robke-group.com\/wp-content\/uploads\/2024\/11\/rechner_400px.webp 400w, https:\/\/www.robke-group.com\/wp-content\/uploads\/2024\/11\/rechner_400px-300x291.webp 300w\" sizes=\"(max-width: 400px) 100vw, 400px\" \/>\t\t\t\t\t<\/div>\n\t\t\t\t\n\t\t\t\t\t\t\t\t\t<h2 class=\"elementor-cta__title elementor-cta__content-item elementor-content-item\">\n\t\t\t\t\t\tCustoms clearance\t\t\t\t\t<\/h2>\n\t\t\t\t\n\t\t\t\t\t\t\t\t\t<div class=\"elementor-cta__description elementor-cta__content-item elementor-content-item\">\n\t\t\t\t\t\tThe ROBKE Group stands for reliable international customs clearance. We not only coordinate all the necessary customs documents with you in advance and then calculate the import sales tax for you, but also support you in preparing the customs clearance data and handle the customs clearance completely. \n<br><br>Thanks to our exclusive locations in the border triangle (Lindau &amp; St. Gallen), we are one of the leading full-service logistics providers in Switzerland. We clear all goods for you directly to Switzerland and thus give your parcels a \"local look\".   <br>Advantage: Your end customers in Switzerland do not have to pay import sales tax or other unexpected costs when receiving the parcel, for example.  \nThis significantly increases end customer satisfaction.  \n<br><br><br> <b><b>  - Leading expertise in customs law\n<br> - One point of contact for your global logistics requirements\n<br> - Support\/assistance with all customs issues\n<br> - Rapid response and adaptation to changing customs guidelines &amp; market situations  \n<\/b> <\/b> \t\t\t\t\t<\/div>\n\t\t\t\t\n\t\t\t\t\t\t\t<\/div>\n\t\t\t\t\t\t<\/div>\n\t\t\t\t\t\t<\/div>\n\t\t\t\t<\/div>\n\t\t\t\t<div class=\"elementor-element elementor-element-d792eff elementor-cta--layout-image-left elementor-cta--mobile-layout-image-above elementor-widget__width-inherit elementor-cta--skin-classic elementor-animated-content elementor-widget elementor-widget-call-to-action\" data-id=\"d792eff\" data-element_type=\"widget\" data-e-type=\"widget\" id=\"transport\" data-widget_type=\"call-to-action.default\">\n\t\t\t\t<div class=\"elementor-widget-container\">\n\t\t\t\t\t\t\t<div class=\"elementor-cta\">\n\t\t\t\t\t<div class=\"elementor-cta__bg-wrapper\">\n\t\t\t\t<div class=\"elementor-cta__bg elementor-bg\" style=\"background-image: url(https:\/\/www.robke-group.com\/wp-content\/uploads\/2024\/08\/Robke_Logistik_Fulfillment_0339-768x512.webp);\" role=\"img\" aria-label=\"Robke Group logistics center - Perfect interaction between storage, order picking and shipping\"><\/div>\n\t\t\t\t<div class=\"elementor-cta__bg-overlay\"><\/div>\n\t\t\t<\/div>\n\t\t\t\t\t\t\t<div class=\"elementor-cta__content\">\n\t\t\t\t\t\t\t\t\t<div class=\"elementor-content-item elementor-cta__content-item elementor-cta__image\">\n\t\t\t\t\t\t<img loading=\"lazy\" decoding=\"async\" width=\"400\" height=\"388\" src=\"https:\/\/www.robke-group.com\/wp-content\/uploads\/2024\/11\/LKW_400px.webp\" class=\"attachment-full size-full wp-image-1674\" alt=\"\" srcset=\"https:\/\/www.robke-group.com\/wp-content\/uploads\/2024\/11\/LKW_400px.webp 400w, https:\/\/www.robke-group.com\/wp-content\/uploads\/2024\/11\/LKW_400px-300x291.webp 300w\" sizes=\"(max-width: 400px) 100vw, 400px\" \/>\t\t\t\t\t<\/div>\n\t\t\t\t\n\t\t\t\t\t\t\t\t\t<h2 class=\"elementor-cta__title elementor-cta__content-item elementor-content-item\">\n\t\t\t\t\t\tInternational<br> Transportation management\t\t\t\t\t<\/h2>\n\t\t\t\t\n\t\t\t\t\t\t\t\t\t<div class=\"elementor-cta__description elementor-cta__content-item elementor-content-item\">\n\t\t\t\t\t\tThe ROBKE Group is the specialist for international cross-border shipping. Thanks to our daily regular shipments to international postal companies, we achieve the best transit times for our e-commerce and media customers. \nAs we handle a volume of over 15 million product shipments per year, we can also offer you the best postage conditions.   <br><br>Our great flexibility enables us to adapt exactly to your needs and find the best solution for you in terms of delivery time, service and shipping costs.\n<br><br> <b><b>  - Over 15 million product shipments per year\n<br>- Shipping cost optimization\n<br>- Full service to find the best shipping solution for you \n<br>- Pre-sort your shipments to achieve lower shipping costs\n<\/b>\n\n\n<\/b>\t\t\t\t\t<\/div>\n\t\t\t\t\n\t\t\t\t\t\t\t<\/div>\n\t\t\t\t\t\t<\/div>\n\t\t\t\t\t\t<\/div>\n\t\t\t\t<\/div>\n\t\t\t\t<\/div>\n\t\t\t\t<\/div>\n\t\t<div class=\"elementor-element elementor-element-effdb70 e-con-full e-flex e-con e-parent\" data-id=\"effdb70\" data-element_type=\"container\" data-e-type=\"container\" data-settings=\"{&quot;background_background&quot;:&quot;classic&quot;}\">\n\t\t\t\t<div class=\"elementor-element elementor-element-359d85f elementor-cta--layout-image-right elementor-cta--valign-middle elementor-cta--mobile-layout-image-above elementor-widget__width-initial elementor-widget-tablet__width-inherit elementor-cta--skin-classic elementor-animated-content elementor-bg-transform elementor-bg-transform-zoom-in elementor-widget elementor-widget-call-to-action\" data-id=\"359d85f\" data-element_type=\"widget\" data-e-type=\"widget\" data-widget_type=\"call-to-action.default\">\n\t\t\t\t<div class=\"elementor-widget-container\">\n\t\t\t\t\t\t\t<div class=\"elementor-cta\">\n\t\t\t\t\t\t\t<div class=\"elementor-cta__content\">\n\t\t\t\t\n\t\t\t\t\t\t\t\t\t<h2 class=\"elementor-cta__title elementor-cta__content-item elementor-content-item\">\n\t\t\t\t\t\tDo you have any questions?\t\t\t\t\t<\/h2>\n\t\t\t\t\n\t\t\t\t\n\t\t\t\t\t\t\t\t\t<div class=\"elementor-cta__button-wrapper elementor-cta__content-item elementor-content-item \">\n\t\t\t\t\t<a class=\"elementor-cta__button elementor-button elementor-size-md\" href=\"https:\/\/www.robke-group.com\/en\/contact-us\/\">\n\t\t\t\t\t\tContact us\t\t\t\t\t<\/a>\n\t\t\t\t\t<\/div>\n\t\t\t\t\t\t\t<\/div>\n\t\t\t\t\t\t<\/div>\n\t\t\t\t\t\t<\/div>\n\t\t\t\t<\/div>\n\t\t\t\t<\/div>\n\t\t\t\t<\/div>\n\t\t","protected":false},"excerpt":{"rendered":"<p>G\u00dcLL Press Service Every industry has a leader. In the press service it is called G\u00dcLL For over 45 years, G\u00dcLL Presseservice has been offering the full range of services in the areas of press service, subscription management and e-commerce\/mail order, fulfillment lettershop and warehouse logistics. Both this concentrated expertise and the ideal geographical location [&hellip;]<\/p>\n","protected":false},"author":1,"featured_media":0,"parent":0,"menu_order":0,"comment_status":"closed","ping_status":"closed","template":"","meta":{"_acf_changed":false,"footnotes":""},"class_list":["post-1681","page","type-page","status-publish","hentry"],"acf":[],"_links":{"self":[{"href":"https:\/\/www.robke-group.com\/en\/wp-json\/wp\/v2\/pages\/1681","targetHints":{"allow":["GET"]}}],"collection":[{"href":"https:\/\/www.robke-group.com\/en\/wp-json\/wp\/v2\/pages"}],"about":[{"href":"https:\/\/www.robke-group.com\/en\/wp-json\/wp\/v2\/types\/page"}],"author":[{"embeddable":true,"href":"https:\/\/www.robke-group.com\/en\/wp-json\/wp\/v2\/users\/1"}],"replies":[{"embeddable":true,"href":"https:\/\/www.robke-group.com\/en\/wp-json\/wp\/v2\/comments?post=1681"}],"version-history":[{"count":3,"href":"https:\/\/www.robke-group.com\/en\/wp-json\/wp\/v2\/pages\/1681\/revisions"}],"predecessor-version":[{"id":1913,"href":"https:\/\/www.robke-group.com\/en\/wp-json\/wp\/v2\/pages\/1681\/revisions\/1913"}],"wp:attachment":[{"href":"https:\/\/www.robke-group.com\/en\/wp-json\/wp\/v2\/media?parent=1681"}],"curies":[{"name":"wp","href":"https:\/\/api.w.org\/{rel}","templated":true}]}}